{"id":27,"date":"2020-08-26T14:27:14","date_gmt":"2020-08-26T14:27:14","guid":{"rendered":"http:\/\/wutschka.com\/?page_id=27"},"modified":"2022-07-31T17:56:33","modified_gmt":"2022-07-31T15:56:33","slug":"kontakt","status":"publish","type":"page","link":"http:\/\/wutschka.com\/?page_id=27","title":{"rendered":"Kontakt"},"content":{"rendered":"\n<div class=\"wp-block-buttons is-content-justification-center\">\n<div class=\"wp-block-button is-style-outline\"><a class=\"wp-block-button__link\"><strong>Standort Bregenz:<\/strong><\/a><\/div>\n<\/div>\n\n\n\n<p class=\"has-text-align-center\">Wutschka KG<br>Orthop\u00e4dietechnik und Sanit\u00e4tsfachhandel<\/p>\n\n\n\n<p class=\"has-text-align-center\">Arlbergstra\u00dfe 139<br>A-6900 Bregenz<br><br>Telefon: +43 5574 42359<br>Fax: +43 5574 42359 &#8211; 2<br>E-Mail: office@wutschka.com<\/p>\n\n\n\n<p class=\"has-text-align-center\">Montag &#8211; Freitag: 08:30-12:30    13:30-17:30<\/p>\n\n\n\n<p class=\"has-text-align-center\">Samstag: 08:30-12:00<\/p>\n\n\n\n<p><\/p>\n\n\n\n<hr class=\"wp-block-separator is-style-wide\"\/>\n\n\n\n<p><\/p>\n\n\n\n<div class=\"wp-block-buttons is-content-justification-center\">\n<div class=\"wp-block-button is-style-outline\"><a class=\"wp-block-button__link\"><strong>Standort Hohenems:<\/strong><\/a><\/div>\n<\/div>\n\n\n\n<p class=\"has-text-align-center\">Wutschka KG<br>Sanit\u00e4tsfachhandel<\/p>\n\n\n\n<p class=\"has-text-align-center\">Bahnhofstra\u00dfe 28<br>A-6845 Hohenems<\/p>\n\n\n\n<p class=\"has-text-align-center\">Telefon \/ Fax: +43 5576 78346<br>E-Mail: office@wutschka.com<\/p>\n\n\n\n<p class=\"has-text-align-center\">Montag &#8211; Freitag: 09:00-13:00<\/p>\n\n\n\n<p><\/p>\n\n\n\n<p class=\"has-text-align-center has-vivid-red-color has-text-color\"><\/p>\n","protected":false},"excerpt":{"rendered":"<p>Wutschka KGOrthop\u00e4dietechnik und Sanit\u00e4tsfachhandel Arlbergstra\u00dfe 139A-6900 Bregenz Telefon: +43 5574 42359Fax: +43 5574 42359 &#8211; 2E-Mail: office@wutschka.com Montag &#8211; Freitag: 08:30-12:30 13:30-17:30 Samstag: 08:30-12:00 Wutschka KGSanit\u00e4tsfachhandel Bahnhofstra\u00dfe 28A-6845 Hohenems Telefon \/ Fax: +43 5576 78346E-Mail: office@wutschka.com Montag &#8211; Freitag: 09:00-13:00<\/p>\n","protected":false},"author":1,"featured_media":0,"parent":0,"menu_order":0,"comment_status":"closed","ping_status":"closed","template":"","meta":[],"_links":{"self":[{"href":"http:\/\/wutschka.com\/index.php?rest_route=\/wp\/v2\/pages\/27"}],"collection":[{"href":"http:\/\/wutschka.com\/index.php?rest_route=\/wp\/v2\/pages"}],"about":[{"href":"http:\/\/wutschka.com\/index.php?rest_route=\/wp\/v2\/types\/page"}],"author":[{"embeddable":true,"href":"http:\/\/wutschka.com\/index.php?rest_route=\/wp\/v2\/users\/1"}],"replies":[{"embeddable":true,"href":"http:\/\/wutschka.com\/index.php?rest_route=%2Fwp%2Fv2%2Fcomments&post=27"}],"version-history":[{"count":8,"href":"http:\/\/wutschka.com\/index.php?rest_route=\/wp\/v2\/pages\/27\/revisions"}],"predecessor-version":[{"id":91,"href":"http:\/\/wutschka.com\/index.php?rest_route=\/wp\/v2\/pages\/27\/revisions\/91"}],"wp:attachment":[{"href":"http:\/\/wutschka.com\/index.php?rest_route=%2Fwp%2Fv2%2Fmedia&parent=27"}],"curies":[{"name":"wp","href":"https:\/\/api.w.org\/{rel}","templated":true}]}}