{"id":29,"date":"2020-08-26T14:26:56","date_gmt":"2020-08-26T14:26:56","guid":{"rendered":"http:\/\/wutschka.com\/?page_id=29"},"modified":"2020-08-26T18:04:45","modified_gmt":"2020-08-26T16:04:45","slug":"datenschutz","status":"publish","type":"page","link":"http:\/\/wutschka.com\/?page_id=29","title":{"rendered":"Datenschutz"},"content":{"rendered":"\n<h1><strong>Datenschutz<\/strong><\/h1>\n\n\n\n<p>Die Betreiber dieser Seiten nehmen den Schutz Ihrer pers\u00f6nlichen Daten sehr ernst. Wir behandeln Ihre personenbezogenen Daten vertraulich und entsprechend der gesetzlichen Datenschutzvorschriften sowie dieser Datenschutzerkl\u00e4rung.<\/p>\n\n\n\n<p>Die Nutzung unserer Webseite ist in der Regel ohne Angabe personenbezogener Daten m\u00f6glich. Soweit auf unseren Seiten personenbezogene Daten (beispielsweise Name, Anschrift oder E-Mail-Adressen) erhoben werden, erfolgt dies, soweit m\u00f6glich, stets auf freiwilliger Basis. Diese Daten werden ohne Ihre ausdr\u00fcckliche Zustimmung nicht an Dritte weitergegeben.<\/p>\n\n\n\n<p>Wir weisen darauf hin, dass die Daten\u00fcbertragung im Internet (z.B. bei der Kommunikation per E-Mail) Sicherheitsl\u00fccken aufweisen kann. Ein l\u00fcckenloser Schutz der Daten vor dem Zugriff durch Dritte ist nicht m\u00f6glich.<\/p>\n\n\n\n<h1><strong>Rechtliche Hinweise<\/strong><\/h1>\n\n\n\n<p>Diese Website enth\u00e4lt Links und Verweise auf andere Websites. Die Wutschka KG \u00fcbernimmt keinerlei Verantwortung f\u00fcr die Inhalte verlinkter Websites. Wutschka KG macht sich diese Inhalte nicht zu Eigen. Verst\u00f6\u00dfe gegen geltendes Recht, Sitte und Moral, welche uns bekannt werden, haben die L\u00f6schung von Links und Eintr\u00e4gen zur Folge. Die auf dieser Website verwendeten Produkt- und Firmennamen k\u00f6nnen Marken oder eingetragene Marken und damit Eigentum ihrer jeweiligen Inhaber sein. Die jeweiligen Eigentums- und Urheberrechte sind zu beachten.<\/p>\n\n\n\n<p>Wir behalten uns vor, die Informationen auf dieser Website jederzeit und ohne vorherige Ank\u00fcndigung zu aktualisieren, zu \u00e4ndern und\/oder zu l\u00f6schen. Das gilt auch f\u00fcr Verbesserungen und\/oder \u00c4nderungen an Produkten, Services und Programmen. F\u00fcr fehlerhafte oder unvollst\u00e4ndige Informationen, die nicht aus grober Fahrl\u00e4ssigkeit entstehen, \u00fcbernehmen wir keinerlei Haftung.<\/p>\n\n\n\n<h1>SSL-Verschl\u00fcsselung<\/h1>\n\n\n\n<p>Diese Seite nutzt aus Gr\u00fcnden der Sicherheit und zum Schutz der \u00dcbertragung vertraulicher Inhalte, wie zum Beispiel der Anfragen, die Sie an uns als Seitenbetreiber senden, eine SSL-Verschl\u00fcsselung. Eine verschl\u00fcsselte Verbindung erkennen Sie daran, dass die Adresszeile des Browsers von \u201chttps:\/\/\u201d auf \u201chttps:\/\/\u201d wechselt und an dem Schloss-Symbol in Ihrer Browserzeile.<\/p>\n\n\n\n<p>Wenn die SSL Verschl\u00fcsselung aktiviert ist, k\u00f6nnen die Daten, die Sie an uns \u00fcbermitteln, nicht von Dritten mitgelesen werden.<\/p>\n","protected":false},"excerpt":{"rendered":"<p>Datenschutz Die Betreiber dieser Seiten nehmen den Schutz Ihrer pers\u00f6nlichen Daten sehr ernst. Wir behandeln Ihre personenbezogenen Daten vertraulich und entsprechend der gesetzlichen Datenschutzvorschriften sowie dieser Datenschutzerkl\u00e4rung. Die Nutzung unserer Webseite ist in der Regel ohne Angabe personenbezogener Daten m\u00f6glich. Soweit auf unseren Seiten personenbezogene Daten (beispielsweise Name, Anschrift oder E-Mail-Adressen) erhoben werden, erfolgt dies, [&hellip;]<\/p>\n","protected":false},"author":1,"featured_media":0,"parent":0,"menu_order":0,"comment_status":"closed","ping_status":"closed","template":"","meta":[],"_links":{"self":[{"href":"http:\/\/wutschka.com\/index.php?rest_route=\/wp\/v2\/pages\/29"}],"collection":[{"href":"http:\/\/wutschka.com\/index.php?rest_route=\/wp\/v2\/pages"}],"about":[{"href":"http:\/\/wutschka.com\/index.php?rest_route=\/wp\/v2\/types\/page"}],"author":[{"embeddable":true,"href":"http:\/\/wutschka.com\/index.php?rest_route=\/wp\/v2\/users\/1"}],"replies":[{"embeddable":true,"href":"http:\/\/wutschka.com\/index.php?rest_route=%2Fwp%2Fv2%2Fcomments&post=29"}],"version-history":[{"count":3,"href":"http:\/\/wutschka.com\/index.php?rest_route=\/wp\/v2\/pages\/29\/revisions"}],"predecessor-version":[{"id":59,"href":"http:\/\/wutschka.com\/index.php?rest_route=\/wp\/v2\/pages\/29\/revisions\/59"}],"wp:attachment":[{"href":"http:\/\/wutschka.com\/index.php?rest_route=%2Fwp%2Fv2%2Fmedia&parent=29"}],"curies":[{"name":"wp","href":"https:\/\/api.w.org\/{rel}","templated":true}]}}